{"id":2403,"date":"2024-11-12T14:13:39","date_gmt":"2024-11-12T14:13:39","guid":{"rendered":"https:\/\/ruano.essedi.es\/?page_id=2403"},"modified":"2024-12-05T15:22:48","modified_gmt":"2024-12-05T15:22:48","slug":"promocion","status":"publish","type":"page","link":"https:\/\/www.ruanodental.es\/en\/promocion\/","title":{"rendered":"Promotion"},"content":{"rendered":"<div data-elementor-type=\"wp-page\" data-elementor-id=\"2403\" class=\"elementor elementor-2403\">\n\t\t\t\t\t\t<section class=\"elementor-section elementor-top-section elementor-element elementor-element-66c8f0e elementor-section-stretched elementor-section-full_width elementor-section-content-middle elementor-section-height-default elementor-section-height-default\" data-id=\"66c8f0e\" data-element_type=\"section\" data-settings=\"{&quot;stretch_section&quot;:&quot;section-stretched&quot;,&quot;background_background&quot;:&quot;classic&quot;}\">\n\t\t\t\t\t\t<div class=\"elementor-container elementor-column-gap-extended\">\n\t\t\t\t\t<div class=\"elementor-column elementor-col-100 elementor-top-column elementor-element elementor-element-7b64be0\" data-id=\"7b64be0\" data-element_type=\"column\">\n\t\t\t<div class=\"elementor-widget-wrap elementor-element-populated\">\n\t\t\t\t\t\t<div class=\"elementor-element elementor-element-fb77659 elementor-widget elementor-widget-heading\" data-id=\"fb77659\" data-element_type=\"widget\" data-widget_type=\"heading.default\">\n\t\t\t\t<div class=\"elementor-widget-container\">\n\t\t\t<h3 class=\"elementor-heading-title elementor-size-default\">Get your prosthesis for free.<\/h3>\t\t<\/div>\n\t\t\t\t<\/div>\n\t\t\t\t<div class=\"elementor-element elementor-element-5e85257 elementor-widget elementor-widget-spacer\" data-id=\"5e85257\" data-element_type=\"widget\" data-widget_type=\"spacer.default\">\n\t\t\t\t<div class=\"elementor-widget-container\">\n\t\t\t\t\t<div class=\"elementor-spacer\">\n\t\t\t<div class=\"elementor-spacer-inner\"><\/div>\n\t\t<\/div>\n\t\t\t\t<\/div>\n\t\t\t\t<\/div>\n\t\t\t\t<div class=\"elementor-element elementor-element-e5fa425 elementor-widget elementor-widget-text-editor\" data-id=\"e5fa425\" data-element_type=\"widget\" data-widget_type=\"text-editor.default\">\n\t\t\t\t<div class=\"elementor-widget-container\">\n\t\t\t\t\t\t\t<p><span style=\"font-weight: 400;\">Try it free of charge on your first job with us. <br \/>100% discount on single cemented or implant-supported crowns and 50% discount on all other work.<\/span><\/p>\t\t\t\t\t\t<\/div>\n\t\t\t\t<\/div>\n\t\t\t\t<div class=\"elementor-element elementor-element-5e7dc60 elementor-widget__width-initial elementor-widget elementor-widget-shortcode\" data-id=\"5e7dc60\" data-element_type=\"widget\" data-widget_type=\"shortcode.default\">\n\t\t\t\t<div class=\"elementor-widget-container\">\n\t\t\t\t\t<div class=\"elementor-shortcode\">\n<div class=\"wpcf7 no-js\" id=\"wpcf7-f2405-o1\" lang=\"en-US\" dir=\"ltr\" data-wpcf7-id=\"2405\">\n<div class=\"screen-reader-response\"><p role=\"status\" aria-live=\"polite\" aria-atomic=\"true\"><\/p> <ul><\/ul><\/div>\n<form action=\"\/wp-json\/wp\/v2\/pages\/2403\" method=\"post\" class=\"wpcf7-form init\" aria-label=\"Contact form\" novalidate=\"novalidate\" data-status=\"init\" data-trp-original-action=\"\/en\/wp-json\/wp\/v2\/pages\/2403#wpcf7-f2405-o1\">\n<div style=\"display: none;\">\n<input type=\"hidden\" name=\"_wpcf7\" value=\"2405\" \/>\n<input type=\"hidden\" name=\"_wpcf7_version\" value=\"6.0\" \/>\n<input type=\"hidden\" name=\"_wpcf7_locale\" value=\"en_US\" \/>\n<input type=\"hidden\" name=\"_wpcf7_unit_tag\" value=\"wpcf7-f2405-o1\" \/>\n<input type=\"hidden\" name=\"_wpcf7_container_post\" value=\"0\" \/>\n<input type=\"hidden\" name=\"_wpcf7_posted_data_hash\" value=\"\" \/>\n<\/div>\n<div class=\"contact_us\">\n<div class=\"flex\">\n<div class='itm row' ><span class=\"wpcf7-form-control-wrap\" data-name=\"your-name\"><input size=\"40\" maxlength=\"400\" class=\"wpcf7-form-control wpcf7-text wpcf7-validates-as-required\" aria-required=\"true\" aria-invalid=\"false\" placeholder=\"Your Name*\" value=\"\" type=\"text\" name=\"your-name\" \/><\/span><\/div> \n<div class='itm row'><span class=\"wpcf7-form-control-wrap\" data-name=\"your-email\"><input size=\"40\" maxlength=\"400\" class=\"wpcf7-form-control wpcf7-email wpcf7-validates-as-required wpcf7-text wpcf7-validates-as-email\" aria-required=\"true\" aria-invalid=\"false\" placeholder=\"E-mail\" value=\"\" type=\"email\" name=\"your-email\" \/><\/span><\/div><\/div>\n<div class=''><span class=\"wpcf7-form-control-wrap\" data-name=\"your-message\"><textarea cols=\"40\" rows=\"10\" maxlength=\"2000\" class=\"wpcf7-form-control wpcf7-textarea wpcf7-validates-as-required\" aria-required=\"true\" aria-invalid=\"false\" placeholder=\"Message*\" name=\"your-message\"><\/textarea><\/span><\/div> \n<div class=\"sc_form_field sc_form_field_button sc_form_field_submit\">\n<span class=\"wpcf7-form-control-wrap\" data-name=\"acceptance-998\"><span class=\"wpcf7-form-control wpcf7-acceptance\"><span class=\"wpcf7-list-item\"><label><input type=\"checkbox\" name=\"acceptance-998\" value=\"1\" aria-invalid=\"false\" \/><span class=\"wpcf7-list-item-label\">I have read and accept the <a href=\"\/en\/politica-de-privacidad\/\">privacy policy<\/a>.<\/span><\/label><\/span><\/span><\/span>\n\n<input class=\"wpcf7-form-control wpcf7-submit has-spinner\" type=\"submit\" value=\"Enviar mensaje\" \/><\/div><\/div><div class=\"wpcf7-response-output\" aria-hidden=\"true\"><\/div>\n<input type=\"hidden\" name=\"trp-form-language\" value=\"en\"\/><\/form>\n<\/div>\n<\/div>\n\t\t\t\t<\/div>\n\t\t\t\t<\/div>\n\t\t\t\t\t<\/div>\n\t\t<\/div>\n\t\t\t\t\t<\/div>\n\t\t<\/section>\n\t\t\t\t<\/div>","protected":false},"excerpt":{"rendered":"<p>Obt\u00e9n tu pr\u00f3tesis sin coste. Prueba sin coste en tu primer trabajo con nosotros. 100% descuento en corona individual cementada o sobre implantes y 50% en el resto de trabajos.<\/p>","protected":false},"author":1,"featured_media":0,"parent":0,"menu_order":0,"comment_status":"closed","ping_status":"closed","template":"","meta":{"footnotes":""},"class_list":["post-2403","page","type-page","status-publish","hentry"],"yoast_head":"<!-- This site is optimized with the Yoast SEO plugin v23.9 - https:\/\/yoast.com\/wordpress\/plugins\/seo\/ -->\n<title>Promoci\u00f3n - Ruano Dental Lab<\/title>\n<meta name=\"description\" content=\"Aprovecha nuestra promoci\u00f3n de pr\u00f3tesis dentales sin coste. 100% descuento en corona individual y 50% en otros trabajos para nuevos clientes.\" \/>\n<meta name=\"robots\" content=\"index, follow, max-snippet:-1, max-image-preview:large, max-video-preview:-1\" \/>\n<link rel=\"canonical\" href=\"https:\/\/www.ruanodental.es\/en\/promocion\/\" \/>\n<meta property=\"og:locale\" content=\"en_GB\" \/>\n<meta property=\"og:type\" content=\"article\" \/>\n<meta property=\"og:title\" content=\"Promoci\u00f3n - Ruano Dental Lab\" \/>\n<meta property=\"og:description\" content=\"Aprovecha nuestra promoci\u00f3n de pr\u00f3tesis dentales sin coste. 100% descuento en corona individual y 50% en otros trabajos para nuevos clientes.\" \/>\n<meta property=\"og:url\" content=\"https:\/\/www.ruanodental.es\/en\/promocion\/\" \/>\n<meta property=\"og:site_name\" content=\"Ruano Dental Lab\" \/>\n<meta property=\"article:modified_time\" content=\"2024-12-05T15:22:48+00:00\" \/>\n<meta name=\"twitter:card\" content=\"summary_large_image\" \/>\n<meta name=\"twitter:label1\" content=\"Estimated reading time\" \/>\n\t<meta name=\"twitter:data1\" content=\"1 minute\" \/>\n<script type=\"application\/ld+json\" class=\"yoast-schema-graph\">{\"@context\":\"https:\/\/schema.org\",\"@graph\":[{\"@type\":\"WebPage\",\"@id\":\"https:\/\/www.ruanodental.es\/promocion\/\",\"url\":\"https:\/\/www.ruanodental.es\/promocion\/\",\"name\":\"Promoci\u00f3n - Ruano Dental Lab\",\"isPartOf\":{\"@id\":\"https:\/\/www.ruanodental.es\/#website\"},\"datePublished\":\"2024-11-12T14:13:39+00:00\",\"dateModified\":\"2024-12-05T15:22:48+00:00\",\"description\":\"Aprovecha nuestra promoci\u00f3n de pr\u00f3tesis dentales sin coste. 100% descuento en corona individual y 50% en otros trabajos para nuevos clientes.\",\"breadcrumb\":{\"@id\":\"https:\/\/www.ruanodental.es\/promocion\/#breadcrumb\"},\"inLanguage\":\"en-GB\",\"potentialAction\":[{\"@type\":\"ReadAction\",\"target\":[\"https:\/\/www.ruanodental.es\/promocion\/\"]}]},{\"@type\":\"BreadcrumbList\",\"@id\":\"https:\/\/www.ruanodental.es\/promocion\/#breadcrumb\",\"itemListElement\":[{\"@type\":\"ListItem\",\"position\":1,\"name\":\"Portada\",\"item\":\"https:\/\/www.ruanodental.es\/\"},{\"@type\":\"ListItem\",\"position\":2,\"name\":\"Promoci\u00f3n\"}]},{\"@type\":\"WebSite\",\"@id\":\"https:\/\/www.ruanodental.es\/#website\",\"url\":\"https:\/\/www.ruanodental.es\/\",\"name\":\"Ruano Dental Lab\",\"description\":\"\",\"potentialAction\":[{\"@type\":\"SearchAction\",\"target\":{\"@type\":\"EntryPoint\",\"urlTemplate\":\"https:\/\/www.ruanodental.es\/?s={search_term_string}\"},\"query-input\":{\"@type\":\"PropertyValueSpecification\",\"valueRequired\":true,\"valueName\":\"search_term_string\"}}],\"inLanguage\":\"en-GB\"}]}<\/script>\n<!-- \/ Yoast SEO plugin. -->","yoast_head_json":{"title":"Promoci\u00f3n - Ruano Dental Lab","description":"Aprovecha nuestra promoci\u00f3n de pr\u00f3tesis dentales sin coste. 100% descuento en corona individual y 50% en otros trabajos para nuevos clientes.","robots":{"index":"index","follow":"follow","max-snippet":"max-snippet:-1","max-image-preview":"max-image-preview:large","max-video-preview":"max-video-preview:-1"},"canonical":"https:\/\/www.ruanodental.es\/en\/promocion\/","og_locale":"en_GB","og_type":"article","og_title":"Promoci\u00f3n - Ruano Dental Lab","og_description":"Aprovecha nuestra promoci\u00f3n de pr\u00f3tesis dentales sin coste. 100% descuento en corona individual y 50% en otros trabajos para nuevos clientes.","og_url":"https:\/\/www.ruanodental.es\/en\/promocion\/","og_site_name":"Ruano Dental Lab","article_modified_time":"2024-12-05T15:22:48+00:00","twitter_card":"summary_large_image","twitter_misc":{"Estimated reading time":"1 minute"},"schema":{"@context":"https:\/\/schema.org","@graph":[{"@type":"WebPage","@id":"https:\/\/www.ruanodental.es\/promocion\/","url":"https:\/\/www.ruanodental.es\/promocion\/","name":"Promoci\u00f3n - Ruano Dental Lab","isPartOf":{"@id":"https:\/\/www.ruanodental.es\/#website"},"datePublished":"2024-11-12T14:13:39+00:00","dateModified":"2024-12-05T15:22:48+00:00","description":"Aprovecha nuestra promoci\u00f3n de pr\u00f3tesis dentales sin coste. 100% descuento en corona individual y 50% en otros trabajos para nuevos clientes.","breadcrumb":{"@id":"https:\/\/www.ruanodental.es\/promocion\/#breadcrumb"},"inLanguage":"en-GB","potentialAction":[{"@type":"ReadAction","target":["https:\/\/www.ruanodental.es\/promocion\/"]}]},{"@type":"BreadcrumbList","@id":"https:\/\/www.ruanodental.es\/promocion\/#breadcrumb","itemListElement":[{"@type":"ListItem","position":1,"name":"Portada","item":"https:\/\/www.ruanodental.es\/"},{"@type":"ListItem","position":2,"name":"Promoci\u00f3n"}]},{"@type":"WebSite","@id":"https:\/\/www.ruanodental.es\/#website","url":"https:\/\/www.ruanodental.es\/","name":"Ruano Dental Lab","description":"","potentialAction":[{"@type":"SearchAction","target":{"@type":"EntryPoint","urlTemplate":"https:\/\/www.ruanodental.es\/?s={search_term_string}"},"query-input":{"@type":"PropertyValueSpecification","valueRequired":true,"valueName":"search_term_string"}}],"inLanguage":"en-GB"}]}},"_links":{"self":[{"href":"https:\/\/www.ruanodental.es\/en\/wp-json\/wp\/v2\/pages\/2403","targetHints":{"allow":["GET"]}}],"collection":[{"href":"https:\/\/www.ruanodental.es\/en\/wp-json\/wp\/v2\/pages"}],"about":[{"href":"https:\/\/www.ruanodental.es\/en\/wp-json\/wp\/v2\/types\/page"}],"author":[{"embeddable":true,"href":"https:\/\/www.ruanodental.es\/en\/wp-json\/wp\/v2\/users\/1"}],"replies":[{"embeddable":true,"href":"https:\/\/www.ruanodental.es\/en\/wp-json\/wp\/v2\/comments?post=2403"}],"version-history":[{"count":31,"href":"https:\/\/www.ruanodental.es\/en\/wp-json\/wp\/v2\/pages\/2403\/revisions"}],"predecessor-version":[{"id":2817,"href":"https:\/\/www.ruanodental.es\/en\/wp-json\/wp\/v2\/pages\/2403\/revisions\/2817"}],"wp:attachment":[{"href":"https:\/\/www.ruanodental.es\/en\/wp-json\/wp\/v2\/media?parent=2403"}],"curies":[{"name":"wp","href":"https:\/\/api.w.org\/{rel}","templated":true}]}}